{"id":328,"date":"2020-08-04T20:38:45","date_gmt":"2020-08-04T18:38:45","guid":{"rendered":"http:\/\/mundowav.com\/?post_type=product&#038;p=328"},"modified":"2026-02-10T21:37:53","modified_gmt":"2026-02-10T19:37:53","slug":"rosehip-laundry-softener","status":"publish","type":"product","link":"https:\/\/mundowav.com\/en\/productos\/rosehip-laundry-softener\/","title":{"rendered":"ROSEHIP LAUNDRY SOFTENER"},"content":{"rendered":"<p>&nbsp;<\/p>\n<p>It is recommended for use in the self-service laundry sector. Eliminates static electricity in the fibers, eliminating wrinkles and avoiding the adhesion of dirt on them.<br \/>\nIt has bacteriostatic properties that prevent the proliferation of odors and microorganisms in the treated.<br \/>\nfabrics Facilitates quick drying and ironing, giving fabrics a pleasant sensation of freshness and softness.<\/p>\n<p>SIZE<\/p>\n<p>10 Litros<\/p>\n<p>HOW TO USE<br \/>\nDo not apply directly to clothing.<\/p>","protected":false},"excerpt":{"rendered":"<p>ROSEHIP LAUNDRY SOFTENER<\/p>\n<p>Ultra-concentrated liquid softener to be added in the last washing process of all types of fabric fibers, with a high percentage of cationic.<br \/>\nSurfactants, with a high affinity for textile fibers, which give it a pleasant touch that increases its fluffiness.<\/p>\n<p>Flavored with a delicate floral essence.<\/p>","protected":false},"featured_media":594,"template":"","meta":{"_monsterinsights_skip_tracking":false,"_monsterinsights_sitenote_active":false,"_monsterinsights_sitenote_note":"","_monsterinsights_sitenote_category":0,"iawp_total_views":225},"product_brand":[],"product_cat":[72],"product_tag":[78],"class_list":{"0":"post-328","1":"product","2":"type-product","3":"status-publish","4":"has-post-thumbnail","6":"product_cat-mosqueta","7":"product_tag-suavizantes","9":"first","10":"outofstock","11":"taxable","12":"shipping-taxable","13":"purchasable","14":"product-type-simple"},"yoast_head":"<!-- This site is optimized with the Yoast SEO plugin v26.9 - https:\/\/yoast.com\/product\/yoast-seo-wordpress\/ -->\n<title>SUAVIZANTE MOSQUETA - MUNDOWAV<\/title>\n<meta name=\"robots\" content=\"index, follow, max-snippet:-1, max-image-preview:large, max-video-preview:-1\" \/>\n<link rel=\"canonical\" href=\"https:\/\/mundowav.com\/en\/productos\/rosehip-laundry-softener\/\" \/>\n<meta property=\"og:locale\" content=\"en_GB\" \/>\n<meta property=\"og:type\" content=\"article\" \/>\n<meta property=\"og:title\" content=\"SUAVIZANTE MOSQUETA - MUNDOWAV\" \/>\n<meta property=\"og:description\" content=\"SUAVIZANTE MOSQUETA  Suavizante l\u00edquido ultraconcentrado para ser agregado en el \u00faltimo proceso de lavado de todo tipo de fibras de tela, con un alto porcentaje de cati\u00f3nico. Tensioactivos, con alta afinidad por las fibras textiles, que le dan un toque agradable que aumenta su esponjosidad.  Aromatizado con una esencia floral y delicada.\" \/>\n<meta property=\"og:url\" content=\"https:\/\/mundowav.com\/en\/productos\/rosehip-laundry-softener\/\" \/>\n<meta property=\"og:site_name\" content=\"MUNDOWAV\" \/>\n<meta property=\"article:modified_time\" content=\"2026-02-10T19:37:53+00:00\" \/>\n<meta property=\"og:image\" content=\"https:\/\/mundowav.com\/wp-content\/uploads\/2020\/08\/mosqueta-nuevo.jpg\" \/>\n\t<meta property=\"og:image:width\" content=\"2500\" \/>\n\t<meta property=\"og:image:height\" content=\"2500\" \/>\n\t<meta property=\"og:image:type\" content=\"image\/jpeg\" \/>\n<meta name=\"twitter:card\" content=\"summary_large_image\" \/>\n<meta name=\"twitter:label1\" content=\"Estimated reading time\" \/>\n\t<meta name=\"twitter:data1\" content=\"1 minute\" \/>\n<script type=\"application\/ld+json\" class=\"yoast-schema-graph\">{\"@context\":\"https:\/\/schema.org\",\"@graph\":[{\"@type\":\"WebPage\",\"@id\":\"https:\/\/mundowav.com\/productos\/suavizante-mosqueta\/\",\"url\":\"https:\/\/mundowav.com\/productos\/suavizante-mosqueta\/\",\"name\":\"SUAVIZANTE MOSQUETA - MUNDOWAV\",\"isPartOf\":{\"@id\":\"https:\/\/mundowav.com\/#website\"},\"primaryImageOfPage\":{\"@id\":\"https:\/\/mundowav.com\/productos\/suavizante-mosqueta\/#primaryimage\"},\"image\":{\"@id\":\"https:\/\/mundowav.com\/productos\/suavizante-mosqueta\/#primaryimage\"},\"thumbnailUrl\":\"https:\/\/mundowav.com\/wp-content\/uploads\/2020\/08\/mosqueta-nuevo.jpg\",\"datePublished\":\"2020-08-04T18:38:45+00:00\",\"dateModified\":\"2026-02-10T19:37:53+00:00\",\"breadcrumb\":{\"@id\":\"https:\/\/mundowav.com\/productos\/suavizante-mosqueta\/#breadcrumb\"},\"inLanguage\":\"en-GB\",\"potentialAction\":[{\"@type\":\"ReadAction\",\"target\":[\"https:\/\/mundowav.com\/productos\/suavizante-mosqueta\/\"]}]},{\"@type\":\"ImageObject\",\"inLanguage\":\"en-GB\",\"@id\":\"https:\/\/mundowav.com\/productos\/suavizante-mosqueta\/#primaryimage\",\"url\":\"https:\/\/mundowav.com\/wp-content\/uploads\/2020\/08\/mosqueta-nuevo.jpg\",\"contentUrl\":\"https:\/\/mundowav.com\/wp-content\/uploads\/2020\/08\/mosqueta-nuevo.jpg\",\"width\":2500,\"height\":2500},{\"@type\":\"BreadcrumbList\",\"@id\":\"https:\/\/mundowav.com\/productos\/suavizante-mosqueta\/#breadcrumb\",\"itemListElement\":[{\"@type\":\"ListItem\",\"position\":1,\"name\":\"Home\",\"item\":\"https:\/\/mundowav.com\/\"},{\"@type\":\"ListItem\",\"position\":2,\"name\":\"Productos\",\"item\":\"https:\/\/mundowav.com\/productos\/\"},{\"@type\":\"ListItem\",\"position\":3,\"name\":\"SUAVIZANTE MOSQUETA\"}]},{\"@type\":\"WebSite\",\"@id\":\"https:\/\/mundowav.com\/#website\",\"url\":\"https:\/\/mundowav.com\/\",\"name\":\"MUNDOWAV\",\"description\":\"Detergentes Industriales\",\"potentialAction\":[{\"@type\":\"SearchAction\",\"target\":{\"@type\":\"EntryPoint\",\"urlTemplate\":\"https:\/\/mundowav.com\/?s={search_term_string}\"},\"query-input\":{\"@type\":\"PropertyValueSpecification\",\"valueRequired\":true,\"valueName\":\"search_term_string\"}}],\"inLanguage\":\"en-GB\"}]}<\/script>\n<!-- \/ Yoast SEO plugin. -->","yoast_head_json":{"title":"SUAVIZANTE MOSQUETA - MUNDOWAV","robots":{"index":"index","follow":"follow","max-snippet":"max-snippet:-1","max-image-preview":"max-image-preview:large","max-video-preview":"max-video-preview:-1"},"canonical":"https:\/\/mundowav.com\/en\/productos\/rosehip-laundry-softener\/","og_locale":"en_GB","og_type":"article","og_title":"SUAVIZANTE MOSQUETA - MUNDOWAV","og_description":"SUAVIZANTE MOSQUETA  Suavizante l\u00edquido ultraconcentrado para ser agregado en el \u00faltimo proceso de lavado de todo tipo de fibras de tela, con un alto porcentaje de cati\u00f3nico. Tensioactivos, con alta afinidad por las fibras textiles, que le dan un toque agradable que aumenta su esponjosidad.  Aromatizado con una esencia floral y delicada.","og_url":"https:\/\/mundowav.com\/en\/productos\/rosehip-laundry-softener\/","og_site_name":"MUNDOWAV","article_modified_time":"2026-02-10T19:37:53+00:00","og_image":[{"width":2500,"height":2500,"url":"https:\/\/mundowav.com\/wp-content\/uploads\/2020\/08\/mosqueta-nuevo.jpg","type":"image\/jpeg"}],"twitter_card":"summary_large_image","twitter_misc":{"Estimated reading time":"1 minute"},"schema":{"@context":"https:\/\/schema.org","@graph":[{"@type":"WebPage","@id":"https:\/\/mundowav.com\/productos\/suavizante-mosqueta\/","url":"https:\/\/mundowav.com\/productos\/suavizante-mosqueta\/","name":"SUAVIZANTE MOSQUETA - MUNDOWAV","isPartOf":{"@id":"https:\/\/mundowav.com\/#website"},"primaryImageOfPage":{"@id":"https:\/\/mundowav.com\/productos\/suavizante-mosqueta\/#primaryimage"},"image":{"@id":"https:\/\/mundowav.com\/productos\/suavizante-mosqueta\/#primaryimage"},"thumbnailUrl":"https:\/\/mundowav.com\/wp-content\/uploads\/2020\/08\/mosqueta-nuevo.jpg","datePublished":"2020-08-04T18:38:45+00:00","dateModified":"2026-02-10T19:37:53+00:00","breadcrumb":{"@id":"https:\/\/mundowav.com\/productos\/suavizante-mosqueta\/#breadcrumb"},"inLanguage":"en-GB","potentialAction":[{"@type":"ReadAction","target":["https:\/\/mundowav.com\/productos\/suavizante-mosqueta\/"]}]},{"@type":"ImageObject","inLanguage":"en-GB","@id":"https:\/\/mundowav.com\/productos\/suavizante-mosqueta\/#primaryimage","url":"https:\/\/mundowav.com\/wp-content\/uploads\/2020\/08\/mosqueta-nuevo.jpg","contentUrl":"https:\/\/mundowav.com\/wp-content\/uploads\/2020\/08\/mosqueta-nuevo.jpg","width":2500,"height":2500},{"@type":"BreadcrumbList","@id":"https:\/\/mundowav.com\/productos\/suavizante-mosqueta\/#breadcrumb","itemListElement":[{"@type":"ListItem","position":1,"name":"Home","item":"https:\/\/mundowav.com\/"},{"@type":"ListItem","position":2,"name":"Productos","item":"https:\/\/mundowav.com\/productos\/"},{"@type":"ListItem","position":3,"name":"SUAVIZANTE MOSQUETA"}]},{"@type":"WebSite","@id":"https:\/\/mundowav.com\/#website","url":"https:\/\/mundowav.com\/","name":"MUNDOWAV","description":"Industrial Detergents","potentialAction":[{"@type":"SearchAction","target":{"@type":"EntryPoint","urlTemplate":"https:\/\/mundowav.com\/?s={search_term_string}"},"query-input":{"@type":"PropertyValueSpecification","valueRequired":true,"valueName":"search_term_string"}}],"inLanguage":"en-GB"}]}},"_links":{"self":[{"href":"https:\/\/mundowav.com\/en\/wp-json\/wp\/v2\/product\/328","targetHints":{"allow":["GET"]}}],"collection":[{"href":"https:\/\/mundowav.com\/en\/wp-json\/wp\/v2\/product"}],"about":[{"href":"https:\/\/mundowav.com\/en\/wp-json\/wp\/v2\/types\/product"}],"wp:featuredmedia":[{"embeddable":true,"href":"https:\/\/mundowav.com\/en\/wp-json\/wp\/v2\/media\/594"}],"wp:attachment":[{"href":"https:\/\/mundowav.com\/en\/wp-json\/wp\/v2\/media?parent=328"}],"wp:term":[{"taxonomy":"product_brand","embeddable":true,"href":"https:\/\/mundowav.com\/en\/wp-json\/wp\/v2\/product_brand?post=328"},{"taxonomy":"product_cat","embeddable":true,"href":"https:\/\/mundowav.com\/en\/wp-json\/wp\/v2\/product_cat?post=328"},{"taxonomy":"product_tag","embeddable":true,"href":"https:\/\/mundowav.com\/en\/wp-json\/wp\/v2\/product_tag?post=328"}],"curies":[{"name":"wp","href":"https:\/\/api.w.org\/{rel}","templated":true}]}}