{"id":340,"date":"2020-08-04T20:48:12","date_gmt":"2020-08-04T18:48:12","guid":{"rendered":"http:\/\/mundowav.com\/?post_type=product&#038;p=340"},"modified":"2026-03-10T14:06:05","modified_gmt":"2026-03-10T12:06:05","slug":"ted-laundry-softener","status":"publish","type":"product","link":"https:\/\/mundowav.com\/en\/productos\/ted-laundry-softener\/","title":{"rendered":"TED LAUNDRY SOFTENER"},"content":{"rendered":"<div class=\"tlid-input input\">\n<div class=\"source-wrap\">\n<div class=\"input-full-height-wrapper tlid-input-full-height-wrapper\">\n<div class=\"source-input\">\n<div class=\"source-footer-wrap source-or-target-footer\">\n<div class=\"character-count tlid-character-count\"><\/div>\n<div class=\"source-footer\">\n<div class=\"src-tts left-positioned ttsbutton jfk-button-flat source-or-target-footer-button jfk-button\" tabindex=\"0\" role=\"button\" aria-label=\"Escuchar\" data-tooltip=\"Escuchar\" aria-pressed=\"false\" data-tooltip-align=\"t,c\" aria-hidden=\"false\" aria-disabled=\"false\">\n<div class=\"jfk-button-img\"><\/div>\n<\/div>\n<\/div>\n<\/div>\n<\/div>\n<\/div>\n<\/div>\n<\/div>\n<div class=\"tlid-results-container results-container\">\n<div class=\"tlid-result result-dict-wrapper\">\n<div class=\"result tlid-copy-target\">\n<div class=\"result-header\">\n<div class=\"starbutton jfk-button-flat jfk-button unstarred\" tabindex=\"0\" role=\"button\" aria-label=\"Destacar traducci\u00f3n\" data-tooltip=\"Destacar traducci\u00f3n\" data-tooltip-align=\"t,c\">\n<div class=\"jfk-button-img\"><\/div>\n<\/div>\n<\/div>\n<div class=\"text-wrap tlid-copy-target\">\n<div class=\"result-shield-container tlid-copy-target\" tabindex=\"0\"><span class=\"tlid-translation translation\" lang=\"es\"><span class=\"\" title=\"\">TED LAUNDRY SOFTENER\u00a0<\/span><\/span><\/div>\n<div tabindex=\"0\"><\/div>\n<div class=\"result-shield-container tlid-copy-target\" tabindex=\"0\"><span class=\"tlid-translation translation\" lang=\"es\"><span class=\"tlid-translation translation\" lang=\"es\"><span title=\"\">It is recommended for use in the self-service laundry sector.<\/span> <span title=\"\">Eliminates static electricity<\/span><span title=\"\">\u00a0in the fibers, eliminating wrinkles and avoiding the adhesion of dirt on them.<\/span><br \/>\n<span class=\"\" title=\"\">It has bacteriostatic properties that prevent the proliferation of odors and microorganisms in the treated.<\/span><br \/>\n<span class=\"\" title=\"\">Facilitates quick drying and ironing, giving fabrics a pleasant feeling of freshness and softness.<\/span><\/span><\/span><span title=\"\">SIZE<\/span><\/div>\n<div tabindex=\"0\"><\/div>\n<div class=\"result-shield-container tlid-copy-target\" tabindex=\"0\"><span class=\"tlid-translation translation\" lang=\"es\">SIZE<\/span><\/div>\n<div class=\"result-shield-container tlid-copy-target\" tabindex=\"0\"><span class=\"tlid-translation translation\" lang=\"es\">10 Litros<\/span><\/div>\n<div tabindex=\"0\"><\/div>\n<div class=\"result-shield-container tlid-copy-target\" tabindex=\"0\"><span class=\"tlid-translation translation\" lang=\"es\">HOW TO USE<\/span><\/div>\n<div class=\"result-shield-container tlid-copy-target\" tabindex=\"0\"><span class=\"tlid-translation translation\" lang=\"es\"><span title=\"\">Do not apply directly to clothing.<\/span><\/span><\/div>\n<\/div>\n<\/div>\n<\/div>\n<\/div>","protected":false},"excerpt":{"rendered":"<p>Flavored softener for industrial use.<\/p>\n<p>Mixture of Jasmine flowers, fruits and other sweet aromas such as talc.<\/p>\n<p><span class=\"tlid-translation translation\" lang=\"es\"><span class=\"\" title=\"\">Ultra-concentrated liquid product to be added in the last washing process of all types of fabric fibers, with a high percentage of cationic surfactants, with a high affinity for textile fibers, giving a pleasant touch that increases their fluffiness.<\/span><\/span><\/p>","protected":false},"featured_media":599,"template":"","meta":{"_monsterinsights_skip_tracking":false,"_monsterinsights_sitenote_active":false,"_monsterinsights_sitenote_note":"","_monsterinsights_sitenote_category":0,"iawp_total_views":693},"product_brand":[],"product_cat":[73],"product_tag":[78],"class_list":{"0":"post-340","1":"product","2":"type-product","3":"status-publish","4":"has-post-thumbnail","6":"product_cat-ted","7":"product_tag-suavizantes","9":"first","10":"outofstock","11":"taxable","12":"shipping-taxable","13":"purchasable","14":"product-type-simple"},"yoast_head":"<!-- This site is optimized with the Yoast SEO plugin v26.9 - https:\/\/yoast.com\/product\/yoast-seo-wordpress\/ -->\n<title>SUAVIZANTE TED - MUNDOWAV<\/title>\n<meta name=\"robots\" content=\"index, follow, max-snippet:-1, max-image-preview:large, max-video-preview:-1\" \/>\n<link rel=\"canonical\" href=\"https:\/\/mundowav.com\/en\/productos\/ted-laundry-softener\/\" \/>\n<meta property=\"og:locale\" content=\"en_GB\" \/>\n<meta property=\"og:type\" content=\"article\" \/>\n<meta property=\"og:title\" content=\"SUAVIZANTE TED - MUNDOWAV\" \/>\n<meta property=\"og:description\" content=\"Suavizante para uso industrial aromatizado.  Mezcla de flores de Jazmin, frutas y otros aromas dulces como el talco.  Producto l\u00edquido ultraconcentrado para ser agregado en el \u00faltimo proceso de lavado de todo tipo de fibras de tela, con un alto porcentaje de surfactantes cati\u00f3nicos, con una alta afinidad por las fibras textiles, dando un toque agradable que aumenta su esponjosidad.\" \/>\n<meta property=\"og:url\" content=\"https:\/\/mundowav.com\/en\/productos\/ted-laundry-softener\/\" \/>\n<meta property=\"og:site_name\" content=\"MUNDOWAV\" \/>\n<meta property=\"article:modified_time\" content=\"2026-03-10T12:06:05+00:00\" \/>\n<meta property=\"og:image\" content=\"https:\/\/mundowav.com\/wp-content\/uploads\/2020\/08\/ted-nuevo.jpg\" \/>\n\t<meta property=\"og:image:width\" content=\"2500\" \/>\n\t<meta property=\"og:image:height\" content=\"2500\" \/>\n\t<meta property=\"og:image:type\" content=\"image\/jpeg\" \/>\n<meta name=\"twitter:card\" content=\"summary_large_image\" \/>\n<meta name=\"twitter:label1\" content=\"Estimated reading time\" \/>\n\t<meta name=\"twitter:data1\" content=\"1 minute\" \/>\n<script type=\"application\/ld+json\" class=\"yoast-schema-graph\">{\"@context\":\"https:\/\/schema.org\",\"@graph\":[{\"@type\":\"WebPage\",\"@id\":\"https:\/\/mundowav.com\/productos\/suavizante-ted\/\",\"url\":\"https:\/\/mundowav.com\/productos\/suavizante-ted\/\",\"name\":\"SUAVIZANTE TED - MUNDOWAV\",\"isPartOf\":{\"@id\":\"https:\/\/mundowav.com\/#website\"},\"primaryImageOfPage\":{\"@id\":\"https:\/\/mundowav.com\/productos\/suavizante-ted\/#primaryimage\"},\"image\":{\"@id\":\"https:\/\/mundowav.com\/productos\/suavizante-ted\/#primaryimage\"},\"thumbnailUrl\":\"https:\/\/mundowav.com\/wp-content\/uploads\/2020\/08\/ted-nuevo.jpg\",\"datePublished\":\"2020-08-04T18:48:12+00:00\",\"dateModified\":\"2026-03-10T12:06:05+00:00\",\"breadcrumb\":{\"@id\":\"https:\/\/mundowav.com\/productos\/suavizante-ted\/#breadcrumb\"},\"inLanguage\":\"en-GB\",\"potentialAction\":[{\"@type\":\"ReadAction\",\"target\":[\"https:\/\/mundowav.com\/productos\/suavizante-ted\/\"]}]},{\"@type\":\"ImageObject\",\"inLanguage\":\"en-GB\",\"@id\":\"https:\/\/mundowav.com\/productos\/suavizante-ted\/#primaryimage\",\"url\":\"https:\/\/mundowav.com\/wp-content\/uploads\/2020\/08\/ted-nuevo.jpg\",\"contentUrl\":\"https:\/\/mundowav.com\/wp-content\/uploads\/2020\/08\/ted-nuevo.jpg\",\"width\":2500,\"height\":2500},{\"@type\":\"BreadcrumbList\",\"@id\":\"https:\/\/mundowav.com\/productos\/suavizante-ted\/#breadcrumb\",\"itemListElement\":[{\"@type\":\"ListItem\",\"position\":1,\"name\":\"Home\",\"item\":\"https:\/\/mundowav.com\/\"},{\"@type\":\"ListItem\",\"position\":2,\"name\":\"Productos\",\"item\":\"https:\/\/mundowav.com\/productos\/\"},{\"@type\":\"ListItem\",\"position\":3,\"name\":\"SUAVIZANTE TED\"}]},{\"@type\":\"WebSite\",\"@id\":\"https:\/\/mundowav.com\/#website\",\"url\":\"https:\/\/mundowav.com\/\",\"name\":\"MUNDOWAV\",\"description\":\"Detergentes Industriales\",\"potentialAction\":[{\"@type\":\"SearchAction\",\"target\":{\"@type\":\"EntryPoint\",\"urlTemplate\":\"https:\/\/mundowav.com\/?s={search_term_string}\"},\"query-input\":{\"@type\":\"PropertyValueSpecification\",\"valueRequired\":true,\"valueName\":\"search_term_string\"}}],\"inLanguage\":\"en-GB\"}]}<\/script>\n<!-- \/ Yoast SEO plugin. -->","yoast_head_json":{"title":"SUAVIZANTE TED - MUNDOWAV","robots":{"index":"index","follow":"follow","max-snippet":"max-snippet:-1","max-image-preview":"max-image-preview:large","max-video-preview":"max-video-preview:-1"},"canonical":"https:\/\/mundowav.com\/en\/productos\/ted-laundry-softener\/","og_locale":"en_GB","og_type":"article","og_title":"SUAVIZANTE TED - MUNDOWAV","og_description":"Suavizante para uso industrial aromatizado.  Mezcla de flores de Jazmin, frutas y otros aromas dulces como el talco.  Producto l\u00edquido ultraconcentrado para ser agregado en el \u00faltimo proceso de lavado de todo tipo de fibras de tela, con un alto porcentaje de surfactantes cati\u00f3nicos, con una alta afinidad por las fibras textiles, dando un toque agradable que aumenta su esponjosidad.","og_url":"https:\/\/mundowav.com\/en\/productos\/ted-laundry-softener\/","og_site_name":"MUNDOWAV","article_modified_time":"2026-03-10T12:06:05+00:00","og_image":[{"width":2500,"height":2500,"url":"https:\/\/mundowav.com\/wp-content\/uploads\/2020\/08\/ted-nuevo.jpg","type":"image\/jpeg"}],"twitter_card":"summary_large_image","twitter_misc":{"Estimated reading time":"1 minute"},"schema":{"@context":"https:\/\/schema.org","@graph":[{"@type":"WebPage","@id":"https:\/\/mundowav.com\/productos\/suavizante-ted\/","url":"https:\/\/mundowav.com\/productos\/suavizante-ted\/","name":"SUAVIZANTE TED - MUNDOWAV","isPartOf":{"@id":"https:\/\/mundowav.com\/#website"},"primaryImageOfPage":{"@id":"https:\/\/mundowav.com\/productos\/suavizante-ted\/#primaryimage"},"image":{"@id":"https:\/\/mundowav.com\/productos\/suavizante-ted\/#primaryimage"},"thumbnailUrl":"https:\/\/mundowav.com\/wp-content\/uploads\/2020\/08\/ted-nuevo.jpg","datePublished":"2020-08-04T18:48:12+00:00","dateModified":"2026-03-10T12:06:05+00:00","breadcrumb":{"@id":"https:\/\/mundowav.com\/productos\/suavizante-ted\/#breadcrumb"},"inLanguage":"en-GB","potentialAction":[{"@type":"ReadAction","target":["https:\/\/mundowav.com\/productos\/suavizante-ted\/"]}]},{"@type":"ImageObject","inLanguage":"en-GB","@id":"https:\/\/mundowav.com\/productos\/suavizante-ted\/#primaryimage","url":"https:\/\/mundowav.com\/wp-content\/uploads\/2020\/08\/ted-nuevo.jpg","contentUrl":"https:\/\/mundowav.com\/wp-content\/uploads\/2020\/08\/ted-nuevo.jpg","width":2500,"height":2500},{"@type":"BreadcrumbList","@id":"https:\/\/mundowav.com\/productos\/suavizante-ted\/#breadcrumb","itemListElement":[{"@type":"ListItem","position":1,"name":"Home","item":"https:\/\/mundowav.com\/"},{"@type":"ListItem","position":2,"name":"Productos","item":"https:\/\/mundowav.com\/productos\/"},{"@type":"ListItem","position":3,"name":"SUAVIZANTE TED"}]},{"@type":"WebSite","@id":"https:\/\/mundowav.com\/#website","url":"https:\/\/mundowav.com\/","name":"MUNDOWAV","description":"Industrial Detergents","potentialAction":[{"@type":"SearchAction","target":{"@type":"EntryPoint","urlTemplate":"https:\/\/mundowav.com\/?s={search_term_string}"},"query-input":{"@type":"PropertyValueSpecification","valueRequired":true,"valueName":"search_term_string"}}],"inLanguage":"en-GB"}]}},"_links":{"self":[{"href":"https:\/\/mundowav.com\/en\/wp-json\/wp\/v2\/product\/340","targetHints":{"allow":["GET"]}}],"collection":[{"href":"https:\/\/mundowav.com\/en\/wp-json\/wp\/v2\/product"}],"about":[{"href":"https:\/\/mundowav.com\/en\/wp-json\/wp\/v2\/types\/product"}],"wp:featuredmedia":[{"embeddable":true,"href":"https:\/\/mundowav.com\/en\/wp-json\/wp\/v2\/media\/599"}],"wp:attachment":[{"href":"https:\/\/mundowav.com\/en\/wp-json\/wp\/v2\/media?parent=340"}],"wp:term":[{"taxonomy":"product_brand","embeddable":true,"href":"https:\/\/mundowav.com\/en\/wp-json\/wp\/v2\/product_brand?post=340"},{"taxonomy":"product_cat","embeddable":true,"href":"https:\/\/mundowav.com\/en\/wp-json\/wp\/v2\/product_cat?post=340"},{"taxonomy":"product_tag","embeddable":true,"href":"https:\/\/mundowav.com\/en\/wp-json\/wp\/v2\/product_tag?post=340"}],"curies":[{"name":"wp","href":"https:\/\/api.w.org\/{rel}","templated":true}]}}