{"id":346,"date":"2020-08-04T20:56:21","date_gmt":"2020-08-04T18:56:21","guid":{"rendered":"http:\/\/mundowav.com\/?post_type=product&#038;p=346"},"modified":"2026-03-29T09:33:13","modified_gmt":"2026-03-29T07:33:13","slug":"suavizante-spa","status":"publish","type":"product","link":"https:\/\/mundowav.com\/en\/productos\/suavizante-spa\/","title":{"rendered":"SUAVIZANTE SPA"},"content":{"rendered":"<p>Eliminates static electricity in the fibers, removing wrinkles and preventing dirt from adhering to them.<br \/>\nIt has bacteriostatic properties that prevent the proliferation of odors and microorganisms in the treated.<br \/>\nIt facilitates quick drying and ironing, giving fabrics a pleasant sensation of freshness and softness, delivering a fragrance that captures the essence of the Ibiza sea.<\/p>\n<p>SIZE<\/p>\n<p>10 Litros<\/p>\n<p>HOW TO USE<\/p>\n<p>Do not apply directly to clothing.<\/p>\n<p>&nbsp;<\/p>","protected":false},"excerpt":{"rendered":"<p>&nbsp;<\/p>\n<p>SOFTENER SPA MEMORIA DESCRIPTIVA<\/p>\n<p>Ultra-concentrated liquid softener to be added in the last washing process of all types of fabric fibers, with a high percentage of cationic.<br \/>\nSurfactants, with a high affinity for textile fibers, which give it a pleasant touch that increases its fluffiness. It is recommended for use in the self-service laundry sector.<\/p>","protected":false},"featured_media":1003,"template":"","meta":{"_monsterinsights_skip_tracking":false,"_monsterinsights_sitenote_active":false,"_monsterinsights_sitenote_note":"","_monsterinsights_sitenote_category":0,"iawp_total_views":330},"product_brand":[],"product_cat":[77],"product_tag":[78],"class_list":{"0":"post-346","1":"product","2":"type-product","3":"status-publish","4":"has-post-thumbnail","6":"product_cat-spa","7":"product_tag-suavizantes","9":"first","10":"outofstock","11":"taxable","12":"shipping-taxable","13":"purchasable","14":"product-type-simple"},"yoast_head":"<!-- This site is optimized with the Yoast SEO plugin v26.9 - https:\/\/yoast.com\/product\/yoast-seo-wordpress\/ -->\n<title>SUAVIZANTE SPA - MUNDOWAV<\/title>\n<meta name=\"robots\" content=\"index, follow, max-snippet:-1, max-image-preview:large, max-video-preview:-1\" \/>\n<link rel=\"canonical\" href=\"https:\/\/mundowav.com\/en\/productos\/suavizante-spa\/\" \/>\n<meta property=\"og:locale\" content=\"en_GB\" \/>\n<meta property=\"og:type\" content=\"article\" \/>\n<meta property=\"og:title\" content=\"SUAVIZANTE SPA - MUNDOWAV\" \/>\n<meta property=\"og:description\" content=\"&nbsp;  SOFTENER SPA MEMORIA DESCRIPTIVA  Suavizante l\u00edquido ultraconcentrado para ser agregado en el \u00faltimo proceso de lavado de todo tipo de fibras de tela, con un alto porcentaje de cati\u00f3nico. Tensioactivos, con alta afinidad por las fibras textiles, que le dan un toque agradable que aumenta su esponjosidad. Se recomienda su uso en el sector de autoservicio de lavander\u00eda.\" \/>\n<meta property=\"og:url\" content=\"https:\/\/mundowav.com\/en\/productos\/suavizante-spa\/\" \/>\n<meta property=\"og:site_name\" content=\"MUNDOWAV\" \/>\n<meta property=\"article:modified_time\" content=\"2026-03-29T07:33:13+00:00\" \/>\n<meta property=\"og:image\" content=\"https:\/\/mundowav.com\/wp-content\/uploads\/2020\/08\/spa.jpg\" \/>\n\t<meta property=\"og:image:width\" content=\"800\" \/>\n\t<meta property=\"og:image:height\" content=\"800\" \/>\n\t<meta property=\"og:image:type\" content=\"image\/jpeg\" \/>\n<meta name=\"twitter:card\" content=\"summary_large_image\" \/>\n<meta name=\"twitter:label1\" content=\"Estimated reading time\" \/>\n\t<meta name=\"twitter:data1\" content=\"1 minute\" \/>\n<script type=\"application\/ld+json\" class=\"yoast-schema-graph\">{\"@context\":\"https:\/\/schema.org\",\"@graph\":[{\"@type\":\"WebPage\",\"@id\":\"https:\/\/mundowav.com\/productos\/suavizante-spa\/\",\"url\":\"https:\/\/mundowav.com\/productos\/suavizante-spa\/\",\"name\":\"SUAVIZANTE SPA - MUNDOWAV\",\"isPartOf\":{\"@id\":\"https:\/\/mundowav.com\/#website\"},\"primaryImageOfPage\":{\"@id\":\"https:\/\/mundowav.com\/productos\/suavizante-spa\/#primaryimage\"},\"image\":{\"@id\":\"https:\/\/mundowav.com\/productos\/suavizante-spa\/#primaryimage\"},\"thumbnailUrl\":\"https:\/\/mundowav.com\/wp-content\/uploads\/2020\/08\/spa.jpg\",\"datePublished\":\"2020-08-04T18:56:21+00:00\",\"dateModified\":\"2026-03-29T07:33:13+00:00\",\"breadcrumb\":{\"@id\":\"https:\/\/mundowav.com\/productos\/suavizante-spa\/#breadcrumb\"},\"inLanguage\":\"en-GB\",\"potentialAction\":[{\"@type\":\"ReadAction\",\"target\":[\"https:\/\/mundowav.com\/productos\/suavizante-spa\/\"]}]},{\"@type\":\"ImageObject\",\"inLanguage\":\"en-GB\",\"@id\":\"https:\/\/mundowav.com\/productos\/suavizante-spa\/#primaryimage\",\"url\":\"https:\/\/mundowav.com\/wp-content\/uploads\/2020\/08\/spa.jpg\",\"contentUrl\":\"https:\/\/mundowav.com\/wp-content\/uploads\/2020\/08\/spa.jpg\",\"width\":800,\"height\":800},{\"@type\":\"BreadcrumbList\",\"@id\":\"https:\/\/mundowav.com\/productos\/suavizante-spa\/#breadcrumb\",\"itemListElement\":[{\"@type\":\"ListItem\",\"position\":1,\"name\":\"Home\",\"item\":\"https:\/\/mundowav.com\/\"},{\"@type\":\"ListItem\",\"position\":2,\"name\":\"Productos\",\"item\":\"https:\/\/mundowav.com\/productos\/\"},{\"@type\":\"ListItem\",\"position\":3,\"name\":\"SUAVIZANTE SPA\"}]},{\"@type\":\"WebSite\",\"@id\":\"https:\/\/mundowav.com\/#website\",\"url\":\"https:\/\/mundowav.com\/\",\"name\":\"MUNDOWAV\",\"description\":\"Detergentes Industriales\",\"potentialAction\":[{\"@type\":\"SearchAction\",\"target\":{\"@type\":\"EntryPoint\",\"urlTemplate\":\"https:\/\/mundowav.com\/?s={search_term_string}\"},\"query-input\":{\"@type\":\"PropertyValueSpecification\",\"valueRequired\":true,\"valueName\":\"search_term_string\"}}],\"inLanguage\":\"en-GB\"}]}<\/script>\n<!-- \/ Yoast SEO plugin. -->","yoast_head_json":{"title":"SUAVIZANTE SPA - MUNDOWAV","robots":{"index":"index","follow":"follow","max-snippet":"max-snippet:-1","max-image-preview":"max-image-preview:large","max-video-preview":"max-video-preview:-1"},"canonical":"https:\/\/mundowav.com\/en\/productos\/suavizante-spa\/","og_locale":"en_GB","og_type":"article","og_title":"SUAVIZANTE SPA - MUNDOWAV","og_description":"&nbsp;  SOFTENER SPA MEMORIA DESCRIPTIVA  Suavizante l\u00edquido ultraconcentrado para ser agregado en el \u00faltimo proceso de lavado de todo tipo de fibras de tela, con un alto porcentaje de cati\u00f3nico. Tensioactivos, con alta afinidad por las fibras textiles, que le dan un toque agradable que aumenta su esponjosidad. Se recomienda su uso en el sector de autoservicio de lavander\u00eda.","og_url":"https:\/\/mundowav.com\/en\/productos\/suavizante-spa\/","og_site_name":"MUNDOWAV","article_modified_time":"2026-03-29T07:33:13+00:00","og_image":[{"width":800,"height":800,"url":"https:\/\/mundowav.com\/wp-content\/uploads\/2020\/08\/spa.jpg","type":"image\/jpeg"}],"twitter_card":"summary_large_image","twitter_misc":{"Estimated reading time":"1 minute"},"schema":{"@context":"https:\/\/schema.org","@graph":[{"@type":"WebPage","@id":"https:\/\/mundowav.com\/productos\/suavizante-spa\/","url":"https:\/\/mundowav.com\/productos\/suavizante-spa\/","name":"SUAVIZANTE SPA - MUNDOWAV","isPartOf":{"@id":"https:\/\/mundowav.com\/#website"},"primaryImageOfPage":{"@id":"https:\/\/mundowav.com\/productos\/suavizante-spa\/#primaryimage"},"image":{"@id":"https:\/\/mundowav.com\/productos\/suavizante-spa\/#primaryimage"},"thumbnailUrl":"https:\/\/mundowav.com\/wp-content\/uploads\/2020\/08\/spa.jpg","datePublished":"2020-08-04T18:56:21+00:00","dateModified":"2026-03-29T07:33:13+00:00","breadcrumb":{"@id":"https:\/\/mundowav.com\/productos\/suavizante-spa\/#breadcrumb"},"inLanguage":"en-GB","potentialAction":[{"@type":"ReadAction","target":["https:\/\/mundowav.com\/productos\/suavizante-spa\/"]}]},{"@type":"ImageObject","inLanguage":"en-GB","@id":"https:\/\/mundowav.com\/productos\/suavizante-spa\/#primaryimage","url":"https:\/\/mundowav.com\/wp-content\/uploads\/2020\/08\/spa.jpg","contentUrl":"https:\/\/mundowav.com\/wp-content\/uploads\/2020\/08\/spa.jpg","width":800,"height":800},{"@type":"BreadcrumbList","@id":"https:\/\/mundowav.com\/productos\/suavizante-spa\/#breadcrumb","itemListElement":[{"@type":"ListItem","position":1,"name":"Home","item":"https:\/\/mundowav.com\/"},{"@type":"ListItem","position":2,"name":"Productos","item":"https:\/\/mundowav.com\/productos\/"},{"@type":"ListItem","position":3,"name":"SUAVIZANTE SPA"}]},{"@type":"WebSite","@id":"https:\/\/mundowav.com\/#website","url":"https:\/\/mundowav.com\/","name":"MUNDOWAV","description":"Industrial Detergents","potentialAction":[{"@type":"SearchAction","target":{"@type":"EntryPoint","urlTemplate":"https:\/\/mundowav.com\/?s={search_term_string}"},"query-input":{"@type":"PropertyValueSpecification","valueRequired":true,"valueName":"search_term_string"}}],"inLanguage":"en-GB"}]}},"_links":{"self":[{"href":"https:\/\/mundowav.com\/en\/wp-json\/wp\/v2\/product\/346","targetHints":{"allow":["GET"]}}],"collection":[{"href":"https:\/\/mundowav.com\/en\/wp-json\/wp\/v2\/product"}],"about":[{"href":"https:\/\/mundowav.com\/en\/wp-json\/wp\/v2\/types\/product"}],"wp:featuredmedia":[{"embeddable":true,"href":"https:\/\/mundowav.com\/en\/wp-json\/wp\/v2\/media\/1003"}],"wp:attachment":[{"href":"https:\/\/mundowav.com\/en\/wp-json\/wp\/v2\/media?parent=346"}],"wp:term":[{"taxonomy":"product_brand","embeddable":true,"href":"https:\/\/mundowav.com\/en\/wp-json\/wp\/v2\/product_brand?post=346"},{"taxonomy":"product_cat","embeddable":true,"href":"https:\/\/mundowav.com\/en\/wp-json\/wp\/v2\/product_cat?post=346"},{"taxonomy":"product_tag","embeddable":true,"href":"https:\/\/mundowav.com\/en\/wp-json\/wp\/v2\/product_tag?post=346"}],"curies":[{"name":"wp","href":"https:\/\/api.w.org\/{rel}","templated":true}]}}